{"id":3,"date":"2024-03-18T19:43:57","date_gmt":"2024-03-18T19:43:57","guid":{"rendered":"https:\/\/cloudpmi.cloud\/?page_id=3"},"modified":"2024-03-26T19:56:51","modified_gmt":"2024-03-26T19:56:51","slug":"privacy-policy","status":"publish","type":"page","link":"https:\/\/cloudpmi.cloud\/index.php\/privacy-policy\/","title":{"rendered":"Privacy Policy"},"content":{"rendered":"<p>[et_pb_section fb_built=&#8221;1&#8243; specialty=&#8221;on&#8221; admin_label=&#8221;Header&#8221; _builder_version=&#8221;4.16&#8243; background_color=&#8221;#eef9ff&#8221; use_background_color_gradient=&#8221;on&#8221; background_color_gradient_stops=&#8221;#ffffff 0%|#eef9ff 100%&#8221; background_color_gradient_start=&#8221;#ffffff&#8221; background_color_gradient_end=&#8221;#eef9ff&#8221; background_image=&#8221;https:\/\/cloudpmi.cloud\/wp-content\/uploads\/2024\/03\/hosting-company-01.png&#8221; background_size=&#8221;contain&#8221; background_position=&#8221;bottom_center&#8221; animation_direction=&#8221;top&#8221; global_colors_info=&#8221;{}&#8221; theme_builder_area=&#8221;post_content&#8221;][et_pb_column type=&#8221;1_2&#8243; _builder_version=&#8221;4.16&#8243; custom_padding=&#8221;|||&#8221; global_colors_info=&#8221;{}&#8221; custom_padding__hover=&#8221;|||&#8221; theme_builder_area=&#8221;post_content&#8221;][et_pb_text _builder_version=&#8221;4.16&#8243; text_font=&#8221;||||||||&#8221; text_font_size=&#8221;16px&#8221; text_line_height=&#8221;2em&#8221; ul_font=&#8221;||||||||&#8221; ol_font=&#8221;||||||||&#8221; header_font=&#8221;Rubik|500|||||||&#8221; header_font_size=&#8221;52px&#8221; header_line_height=&#8221;1.2em&#8221; header_2_font=&#8221;||||||||&#8221; header_3_font=&#8221;||||||||&#8221; header_4_font=&#8221;||||||||&#8221; header_5_font=&#8221;||||||||&#8221; header_6_font=&#8221;||||||||&#8221; header_font_size_tablet=&#8221;42px&#8221; header_font_size_phone=&#8221;32px&#8221; header_font_size_last_edited=&#8221;on|desktop&#8221; global_colors_info=&#8221;{}&#8221; theme_builder_area=&#8221;post_content&#8221; custom_margin=&#8221;|-483px||||&#8221;]<\/p>\n<h1>Informativa Privacy<\/h1>\n<h2><strong>Chi siamo<\/strong><\/h2>\n<p>Il Titolare del trattamento \u00e8: Linkat srl &#8211; Via Nazionale, 91\/A &#8211; 75100 Matera &#8211; P.IVA: 01203290778<\/p>\n<p>Questa informativa si riferisce al trattamento dei dati su questo sito: cloudpmi.cloud<\/p>\n<p>Qualsiasi informazione e\/o richiesta in relazione al trattamento dei dati su questo sito deve essere inoltrata a info@linkat.it<\/p>\n<p><strong>Finalit\u00e0 e base giuridica del trattamento<\/strong><br \/>I dati sono trattati per le seguenti finalit\u00e0 e con le basi giuridiche specificate di seguito:<\/p>\n<p>&#8211; erogazione dei servizi di comunicazione, compresa la gestione amministrativa e contabile e l\u2019assistenza tecnica. Il trattamento \u00e8 necessario per l\u2019esecuzione di un contratto di cui l\u2019interessato \u00e8 parte.<br \/>&#8211; Prevenzione frodi anche informatiche. Il trattamento \u00e8 necessario per il perseguimento del legittimo interesse del titolare del trattamento che consiste nella protezione dei servizi erogati da operazioni fraudolente poste in essere anche da terzi.<br \/>&#8211; Rilevazione del grado di soddisfazione del cliente e ricerche di mercato. Il trattamento \u00e8 effettuato con il consenso del Cliente, che pu\u00f2 essere in qualsiasi momento revocato senza che ci\u00f2 pregiudichi la liceit\u00e0 del trattamento effettuato prima della revoca.<br \/>&#8211; Invio di materiale informativo o pubblicitario relativo ai prodotti e servizi di LINKAT e\/o per vendita diretta. Il trattamento \u00e8 effettuato con il consenso del Cliente, che pu\u00f2 essere in qualsiasi momento revocato senza che ci\u00f2 pregiudichi la liceit\u00e0 del trattamento effettuato prima della revoca.<br \/>&#8211; Il conferimento dei dati raccolti \u00e8 necessario per l\u2019erogazione dei servizi e in loro mancanza il titolare si trova nell\u2019impossibilit\u00e0 di eseguire il contratto. Ci\u00f2 ad eccezione dei dati trattati in virt\u00f9 del consenso, che \u00e8 dato liberamente senza alcuna conseguenza. LINKAT utilizzer\u00e0 quali canali di comunicazione quelli per i quali il Cliente ha prestato il proprio consenso.<\/p>\n<p><strong>Quali dati trattiamo<\/strong><br \/>Commenti e form contatti<br \/>Quando i visitatori lasciano un commento oppure compilano una form su questo sito, collezionniamo i dati visualizzati nel form stesso, ed inoltre l\u2019indirizzo IP e la stringa \u201cuser agent\u201d del browser al fine di identificare lo spam.<\/p>\n<p>Una stringa anonima creata dal tuo indirizzo e-mail (chiamato anche hash) pu\u00f2 essere fornita al servizio Gravatar per vedere se lo stai usando. L\u2019informativa sulla privacy del servizio Gravatar \u00e8 disponibile qui: https:\/\/automattic.com\/privacy\/. Dopo l\u2019approvazione del tuo commento, l\u2019immagine del tuo profilo \u00e8 visibile al pubblico nel contesto del tuo commento.<\/p>\n<p><strong>Media<\/strong><br \/>Se si caricano immagini sul sito Web, \u00e8 necessario evitare di caricare immagini con dati di posizione incorporati (EXIF GPS) inclusi. I visitatori del sito Web possono scaricare ed estrarre qualsiasi dato sulla posizione dalle immagini sul sito Web.<\/p>\n<p><strong>Cookies<\/strong><br \/>Se lasci un commento sul nostro sito, puoi scegliere di salvare il tuo nome, indirizzo e-mail e sito Web nei cookie. Questo per tua comodit\u00e0 in modo da non dover inserire nuovamente i tuoi dati quando lasci un altro commento. Questi cookie dureranno per un anno.<\/p>\n<p>Se visiti la nostra pagina di accesso, imposteremo un cookie temporaneo per determinare se il tuo browser accetta i cookie. Questo cookie non contiene dati personali e viene eliminato alla chiusura del browser.<\/p>\n<p>Quando effettui l\u2019accesso, imposteremo anche diversi cookie per salvare le tue informazioni di accesso e le tue scelte di visualizzazione dello schermo. I cookie di accesso durano due giorni e i cookie delle opzioni dello schermo durano un anno. Se selezioni \u201cRicordami\u201d, il tuo accesso persister\u00e0 per due settimane. Se esci dal tuo account, i cookie di accesso verranno rimossi.<\/p>\n<p>Se modifichi o pubblichi un articolo, un cookie aggiuntivo verr\u00e0 salvato nel tuo browser. Questo cookie non include dati personali e indica semplicemente l\u2019ID post dell\u2019articolo che hai appena modificato. Scade dopo 1 giorno.<\/p>\n<p><strong>Contenuti incorporati da altri siti web<\/strong>.<br \/>Gli articoli su questo sito possono includere contenuti incorporati (ad esempio video, immagini, articoli, ecc.). I contenuti incorporati di altri siti Web si comportano esattamente come se il visitatore avesse visitato l\u2019altro sito Web.<br \/>Questi siti Web possono raccogliere dati su di te, utilizzare i cookie, incorporare un monitoraggio aggiuntivo di terze parti e monitorare la tua interazione con quel contenuto incorporato, incluso il monitoraggio della tua interazione con il contenuto incorporato se disponi di un account e accedi a quel sito Web .<\/p>\n<p><strong>Con chi condividiamo i tuoi dati<\/strong>.<br \/>I dati sono comunicati a:<br \/>a) soggetti terzi se la comunicazione \u00e8 necessaria per l\u2019erogazione dei servizi oggetto del presente contratto;<br \/>b) soggetti terzi ai quali \u00e8 affidata da LINKAT la vendita diretta dei prodotti e servizi della stessa e\/o l\u2019esecuzione di ricerche di mercato o del grado di soddisfazione del Cliente;<br \/>c) enti pubblici e privati se la comunicazione \u00e8 prevista da un obbligo legale;<br \/>d) soggetti terzi a cui LINKAT potrebbe cedere il credito.<br \/>e) soggetti terzi a cui LINKAT affida lo svolgimento di determinate attivit\u00e0 quali adempimenti fiscali, consulenze in ambito informatico o commerciale, prevenzione frodi, recupero crediti. In questi casi, i destinatari della comunicazione operano come <strong>Responsabili del trattamento<\/strong>.<br \/>Tutti i soggetti terzi sopra indicati opereranno sulla base di un contratto ai sensi dell\u2019art. 28 Reg. EU 679\/2016.<\/p>\n<p><strong>Conservazione dei dati<\/strong><br \/>Se si lascia un commento, il commento e i relativi metadati vengono conservati indefinitamente. In questo modo possiamo riconoscere e approvare automaticamente eventuali commenti di follow-up invece di tenerli in una coda di moderazione.<br \/>Per gli utenti che si registrano sul nostro sito Web (se presente), memorizziamo anche le informazioni personali che forniscono nel loro profilo utente. Tutti gli utenti possono visualizzare, modificare o eliminare le loro informazioni personali in qualsiasi momento (tranne che non possono cambiare il loro nome utente). Gli amministratori del sito Web possono anche visualizzare e modificare tali informazioni.<\/p>\n<p><strong>Diritti dell\u2019interessato<\/strong><br \/>Se disponi di un account su questo sito, hai lasciato commenti o hai compilato un form, puoi richiedere di ricevere un file esportato dei dati personali in nostro possesso, inclusi tutti i dati che ci hai fornito. Puoi anche richiedere che cancelliamo tutti i dati personali in nostro possesso. Ci\u00f2 non include alcun dato che siamo tenuti a conservare per scopi amministrativi, legali o di sicurezza.<\/p>\n<p>Hai il diritto di verificare le finalit\u00e0, le modalit\u00e0 e la logica del trattamento. Hai inoltre il diritto di ottenere il blocco dei dati qualora siano trattati in violazione della legge. Infine, hai il diritto di proporre reclamo al Garante per la protezione dei dati<\/p>\n<p>[\/et_pb_text][\/et_pb_column][et_pb_column type=&#8221;1_2&#8243; specialty_columns=&#8221;2&#8243; _builder_version=&#8221;4.16&#8243; custom_padding=&#8221;|||&#8221; global_colors_info=&#8221;{}&#8221; custom_padding__hover=&#8221;|||&#8221; theme_builder_area=&#8221;post_content&#8221;][\/et_pb_column][\/et_pb_section]<\/p>\n","protected":false},"excerpt":{"rendered":"<p>Informativa Privacy Chi siamo Il Titolare del trattamento \u00e8: Linkat srl &#8211; Via Nazionale, 91\/A &#8211; 75100 Matera &#8211; P.IVA: 01203290778 Questa informativa si riferisce al trattamento dei dati su questo sito: cloudpmi.cloud Qualsiasi informazione e\/o richiesta in relazione al trattamento dei dati su questo sito deve essere inoltrata a info@linkat.it Finalit\u00e0 e base giuridica [&hellip;]<\/p>\n","protected":false},"author":1,"featured_media":0,"parent":0,"menu_order":0,"comment_status":"closed","ping_status":"open","template":"","meta":{"_et_pb_use_builder":"on","_et_pb_old_content":"<!-- wp:heading --><h2>Who we are<\/h2><!-- \/wp:heading --><!-- wp:paragraph --><p><strong class=\"privacy-policy-tutorial\">Suggested text: <\/strong>Our website address is: https:\/\/cloudpmi.cloud.<\/p><!-- \/wp:paragraph --><!-- wp:heading --><h2>Comments<\/h2><!-- \/wp:heading --><!-- wp:paragraph --><p><strong class=\"privacy-policy-tutorial\">Suggested text: <\/strong>When visitors leave comments on the site we collect the data shown in the comments form, and also the visitor&#8217;s IP address and browser user agent string to help spam detection.<\/p><!-- \/wp:paragraph --><!-- wp:paragraph --><p>An anonymized string created from your email address (also called a hash) may be provided to the Gravatar service to see if you are using it. The Gravatar service privacy policy is available here: https:\/\/automattic.com\/privacy\/. After approval of your comment, your profile picture is visible to the public in the context of your comment.<\/p><!-- \/wp:paragraph --><!-- wp:heading --><h2>Media<\/h2><!-- \/wp:heading --><!-- wp:paragraph --><p><strong class=\"privacy-policy-tutorial\">Suggested text: <\/strong>If you upload images to the website, you should avoid uploading images with embedded location data (EXIF GPS) included. Visitors to the website can download and extract any location data from images on the website.<\/p><!-- \/wp:paragraph --><!-- wp:heading --><h2>Cookies<\/h2><!-- \/wp:heading --><!-- wp:paragraph --><p><strong class=\"privacy-policy-tutorial\">Suggested text: <\/strong>If you leave a comment on our site you may opt-in to saving your name, email address and website in cookies. These are for your convenience so that you do not have to fill in your details again when you leave another comment. These cookies will last for one year.<\/p><!-- \/wp:paragraph --><!-- wp:paragraph --><p>If you visit our login page, we will set a temporary cookie to determine if your browser accepts cookies. This cookie contains no personal data and is discarded when you close your browser.<\/p><!-- \/wp:paragraph --><!-- wp:paragraph --><p>When you log in, we will also set up several cookies to save your login information and your screen display choices. Login cookies last for two days, and screen options cookies last for a year. If you select &quot;Remember Me&quot;, your login will persist for two weeks. If you log out of your account, the login cookies will be removed.<\/p><!-- \/wp:paragraph --><!-- wp:paragraph --><p>If you edit or publish an article, an additional cookie will be saved in your browser. This cookie includes no personal data and simply indicates the post ID of the article you just edited. It expires after 1 day.<\/p><!-- \/wp:paragraph --><!-- wp:heading --><h2>Embedded content from other websites<\/h2><!-- \/wp:heading --><!-- wp:paragraph --><p><strong class=\"privacy-policy-tutorial\">Suggested text: <\/strong>Articles on this site may include embedded content (e.g. videos, images, articles, etc.). Embedded content from other websites behaves in the exact same way as if the visitor has visited the other website.<\/p><!-- \/wp:paragraph --><!-- wp:paragraph --><p>These websites may collect data about you, use cookies, embed additional third-party tracking, and monitor your interaction with that embedded content, including tracking your interaction with the embedded content if you have an account and are logged in to that website.<\/p><!-- \/wp:paragraph --><!-- wp:heading --><h2>Who we share your data with<\/h2><!-- \/wp:heading --><!-- wp:paragraph --><p><strong class=\"privacy-policy-tutorial\">Suggested text: <\/strong>If you request a password reset, your IP address will be included in the reset email.<\/p><!-- \/wp:paragraph --><!-- wp:heading --><h2>How long we retain your data<\/h2><!-- \/wp:heading --><!-- wp:paragraph --><p><strong class=\"privacy-policy-tutorial\">Suggested text: <\/strong>If you leave a comment, the comment and its metadata are retained indefinitely. This is so we can recognize and approve any follow-up comments automatically instead of holding them in a moderation queue.<\/p><!-- \/wp:paragraph --><!-- wp:paragraph --><p>For users that register on our website (if any), we also store the personal information they provide in their user profile. All users can see, edit, or delete their personal information at any time (except they cannot change their username). Website administrators can also see and edit that information.<\/p><!-- \/wp:paragraph --><!-- wp:heading --><h2>What rights you have over your data<\/h2><!-- \/wp:heading --><!-- wp:paragraph --><p><strong class=\"privacy-policy-tutorial\">Suggested text: <\/strong>If you have an account on this site, or have left comments, you can request to receive an exported file of the personal data we hold about you, including any data you have provided to us. You can also request that we erase any personal data we hold about you. This does not include any data we are obliged to keep for administrative, legal, or security purposes.<\/p><!-- \/wp:paragraph --><!-- wp:heading --><h2>Where your data is sent<\/h2><!-- \/wp:heading --><!-- wp:paragraph --><p><strong class=\"privacy-policy-tutorial\">Suggested text: <\/strong>Visitor comments may be checked through an automated spam detection service.<\/p><!-- \/wp:paragraph -->","_et_gb_content_width":"","footnotes":""},"class_list":["post-3","page","type-page","status-publish","hentry"],"_links":{"self":[{"href":"https:\/\/cloudpmi.cloud\/index.php\/wp-json\/wp\/v2\/pages\/3","targetHints":{"allow":["GET"]}}],"collection":[{"href":"https:\/\/cloudpmi.cloud\/index.php\/wp-json\/wp\/v2\/pages"}],"about":[{"href":"https:\/\/cloudpmi.cloud\/index.php\/wp-json\/wp\/v2\/types\/page"}],"author":[{"embeddable":true,"href":"https:\/\/cloudpmi.cloud\/index.php\/wp-json\/wp\/v2\/users\/1"}],"replies":[{"embeddable":true,"href":"https:\/\/cloudpmi.cloud\/index.php\/wp-json\/wp\/v2\/comments?post=3"}],"version-history":[{"count":3,"href":"https:\/\/cloudpmi.cloud\/index.php\/wp-json\/wp\/v2\/pages\/3\/revisions"}],"predecessor-version":[{"id":269703,"href":"https:\/\/cloudpmi.cloud\/index.php\/wp-json\/wp\/v2\/pages\/3\/revisions\/269703"}],"wp:attachment":[{"href":"https:\/\/cloudpmi.cloud\/index.php\/wp-json\/wp\/v2\/media?parent=3"}],"curies":[{"name":"wp","href":"https:\/\/api.w.org\/{rel}","templated":true}]}}